{"id":1363,"date":"2020-12-16T13:01:24","date_gmt":"2020-12-16T13:01:24","guid":{"rendered":"http:\/\/converge-ba.com.br\/converge\/?page_id=1363"},"modified":"2025-10-29T17:13:34","modified_gmt":"2025-10-29T17:13:34","slug":"servicos","status":"publish","type":"page","link":"https:\/\/converge-ba.com.br\/converge\/servicos\/","title":{"rendered":"Servi\u00e7os"},"content":{"rendered":"<div id=\"pl-1363\"  class=\"panel-layout\" ><div id=\"pg-1363-0\"  class=\"panel-grid panel-has-style\" ><div class=\"siteorigin-panels-stretch panel-row-style panel-row-style-for-1363-0\" data-stretch-type=\"full\" ><div id=\"pgc-1363-0-0\"  class=\"panel-grid-cell\" ><div id=\"panel-1363-0-0-0\" class=\"so-panel widget widget_black-studio-tinymce widget_black_studio_tinymce panel-first-child panel-last-child\" data-index=\"0\" ><div class=\"textwidget\"><\/div><\/div><\/div><\/div><\/div><div id=\"pg-1363-1\"  class=\"panel-grid panel-no-style\" ><div id=\"pgc-1363-1-0\"  class=\"panel-grid-cell\" ><div id=\"panel-1363-1-0-0\" class=\"so-panel widget widget_black-studio-tinymce widget_black_studio_tinymce panel-first-child panel-last-child\" data-index=\"1\" ><div class=\"widget-title--big panel-widget-style panel-widget-style-for-1363-1-0-0\" ><h3 class=\"widget-title\"><span class=\"widget-title__inline\">Servi\u00e7os<\/span><\/h3><div class=\"textwidget\"><\/div><\/div><\/div><\/div><\/div><div id=\"pg-1363-2\"  class=\"panel-grid panel-no-style\" ><div id=\"pgc-1363-2-0\"  class=\"panel-grid-cell\" ><div id=\"panel-1363-2-0-0\" class=\"so-panel widget widget_black-studio-tinymce widget_black_studio_tinymce panel-first-child\" data-index=\"2\" ><div class=\"widget-title--big panel-widget-style panel-widget-style-for-1363-2-0-0\" ><div class=\"textwidget\"><h4>Servi\u00e7os executados<\/h4>\n<p>A Converge est\u00e1 preparada para executar servi\u00e7os t\u00e9cnicos com qualidade, efici\u00eancia e pontualidade, demonstrando assim o seu compromisso com a efici\u00eancia no atendimento ao cliente.<\/p>\n<\/div><\/div><\/div><div id=\"panel-1363-2-0-1\" class=\"so-panel widget widget_black-studio-tinymce widget_black_studio_tinymce panel-last-child\" data-index=\"3\" ><div class=\"widget-title--big panel-widget-style panel-widget-style-for-1363-2-0-1\" ><div class=\"textwidget\"><p><span style=\"font-weight: 400;\">- Manuten\u00e7\u00e3o em v\u00e1lvulas dos mais variados tipos:<\/span><\/p>\n<ul>\n<li style=\"font-weight: 400;\" aria-level=\"1\"><span style=\"font-weight: 400;\">V\u00e1lvula de Al\u00edvio \/ Seguran\u00e7a<\/span><\/li>\n<li style=\"font-weight: 400;\" aria-level=\"1\"><span style=\"font-weight: 400;\">V\u00e1lvula de Bloqueio (Gaveta, Globo, Esfera, Borboleta, Reten\u00e7\u00e3o, Guilhotina, dentre outras)<\/span><\/li>\n<li style=\"font-weight: 400;\" aria-level=\"1\"><span style=\"font-weight: 400;\">V\u00e1lvula de Controle<\/span><\/li>\n<li style=\"font-weight: 400;\" aria-level=\"1\"><span style=\"font-weight: 400;\">V\u00e1lvula Auto Operada<\/span><\/li>\n<li style=\"font-weight: 400;\" aria-level=\"1\"><span style=\"font-weight: 400;\">V\u00e1lvula de Press\u00e3o e V\u00e1cuo<\/span><\/li>\n<li style=\"font-weight: 400;\" aria-level=\"1\"><span style=\"font-weight: 400;\">V\u00e1lvula de Quebra V\u00e1cuo<\/span><\/li>\n<li style=\"font-weight: 400;\" aria-level=\"1\"><span style=\"font-weight: 400;\">V\u00e1lvula Redutora\/Reguladora de Press\u00e3o<\/span><\/li>\n<\/ul>\n<p><span style=\"font-weight: 400;\"><br \/>\n- Calibra\u00e7\u00e3o, teste e certifica\u00e7\u00e3o de instrumentos de medi\u00e7\u00e3o.<\/span><\/p>\n<ul>\n<li style=\"font-weight: 400;\" aria-level=\"1\"><span style=\"font-weight: 400;\">Man\u00f4metro<\/span><\/li>\n<li style=\"font-weight: 400;\" aria-level=\"1\"><span style=\"font-weight: 400;\">Manovacu\u00f4metro<\/span><\/li>\n<li style=\"font-weight: 400;\" aria-level=\"1\"><span style=\"font-weight: 400;\">Term\u00f4metro<\/span><\/li>\n<li style=\"font-weight: 400;\" aria-level=\"1\"><span style=\"font-weight: 400;\">Pressostato\u00a0<\/span><\/li>\n<li style=\"font-weight: 400;\" aria-level=\"1\"><span style=\"font-weight: 400;\">Transmissor de Press\u00e3o\u00a0<\/span><\/li>\n<\/ul>\n<p><span style=\"font-weight: 400;\"><br \/>\n- Manuten\u00e7\u00e3o em atuadores e posicionadores eletropneum\u00e1ticos.\u00a0<\/span><\/p>\n<p><span style=\"font-weight: 400;\">- Manuten\u00e7\u00e3o em equipamentos hidr\u00e1ulicos e pneum\u00e1ticos.\u00a0<\/span><\/p>\n<p><span style=\"font-weight: 400;\">- Jateamento industrial.\u00a0<\/span><\/p>\n<p><span style=\"font-weight: 400;\">- Teste de press\u00e3o e estanqueidade em mangueiras \/ mangotes industriais.\u00a0<\/span><\/p>\n<p><span style=\"font-weight: 400;\">- Emiss\u00e3o de certificados de manuten\u00e7\u00e3o \/ teste de press\u00e3o e estanqueidade e calibra\u00e7\u00e3o.<\/span><\/p>\n<\/div><\/div><\/div><\/div><div id=\"pgc-1363-2-1\"  class=\"panel-grid-cell\" ><div id=\"panel-1363-2-1-0\" class=\"so-panel widget widget_black-studio-tinymce widget_black_studio_tinymce panel-first-child\" data-index=\"4\" ><div class=\"widget-title--big panel-widget-style panel-widget-style-for-1363-2-1-0\" ><div class=\"textwidget\"><h4>Manuten\u00e7\u00f5es<\/h4>\n<p>Cada cliente possui necessidades diferentes, em fun\u00e7\u00e3o disso adotamos v\u00e1rias modalidades quanto a manuten\u00e7\u00e3o de equipamentos.<\/p>\n<\/div><\/div><\/div><div id=\"panel-1363-2-1-1\" class=\"so-panel widget widget_black-studio-tinymce widget_black_studio_tinymce\" data-index=\"5\" ><div class=\"widget-title--big panel-widget-style panel-widget-style-for-1363-2-1-1\" ><div class=\"textwidget\"><ul>\n<li>Preventivo<\/li>\n<li>Corretivo<\/li>\n<li>Preditivo<\/li>\n<li>Contratual<\/li>\n<li>Emergencial<\/li>\n<li>Assist\u00eancia T\u00e9cnica<\/li>\n<\/ul>\n<\/div><\/div><\/div><div id=\"panel-1363-2-1-2\" class=\"so-panel widget widget_media_image panel-last-child\" data-index=\"6\" ><img loading=\"lazy\" decoding=\"async\" width=\"1200\" height=\"954\" src=\"https:\/\/converge-ba.com.br\/converge\/wp-content\/uploads\/2020\/12\/valvulas1.png\" class=\"image wp-image-1381  attachment-full size-full\" alt=\"\" style=\"max-width: 100%; height: auto;\" srcset=\"https:\/\/converge-ba.com.br\/converge\/wp-content\/uploads\/2020\/12\/valvulas1.png 1200w, https:\/\/converge-ba.com.br\/converge\/wp-content\/uploads\/2020\/12\/valvulas1-300x239.png 300w, https:\/\/converge-ba.com.br\/converge\/wp-content\/uploads\/2020\/12\/valvulas1-1024x814.png 1024w, https:\/\/converge-ba.com.br\/converge\/wp-content\/uploads\/2020\/12\/valvulas1-768x611.png 768w\" sizes=\"auto, (max-width: 1200px) 100vw, 1200px\" \/><\/div><\/div><\/div><\/div>","protected":false},"excerpt":{"rendered":"<p>Servi\u00e7osServi\u00e7os executados A Converge est\u00e1 preparada para executar servi\u00e7os t\u00e9cnicos com qualidade, efici\u00eancia e pontualidade, demonstrando assim o seu compromisso com a efici\u00eancia no atendimento ao cliente. &#8211; Manuten\u00e7\u00e3o em v\u00e1lvulas dos mais variados tipos: V\u00e1lvula de Al\u00edvio \/ Seguran\u00e7a V\u00e1lvula de Bloqueio (Gaveta, Globo, Esfera, Borboleta, Reten\u00e7\u00e3o, Guilhotina, dentre outras) V\u00e1lvula de Controle V\u00e1lvula &hellip;<\/p>\n","protected":false},"author":1,"featured_media":0,"parent":0,"menu_order":0,"comment_status":"closed","ping_status":"open","template":"","meta":{"_acf_changed":false,"footnotes":""},"class_list":["post-1363","page","type-page","status-publish","hentry"],"acf":[],"_links":{"self":[{"href":"https:\/\/converge-ba.com.br\/converge\/wp-json\/wp\/v2\/pages\/1363","targetHints":{"allow":["GET"]}}],"collection":[{"href":"https:\/\/converge-ba.com.br\/converge\/wp-json\/wp\/v2\/pages"}],"about":[{"href":"https:\/\/converge-ba.com.br\/converge\/wp-json\/wp\/v2\/types\/page"}],"author":[{"embeddable":true,"href":"https:\/\/converge-ba.com.br\/converge\/wp-json\/wp\/v2\/users\/1"}],"replies":[{"embeddable":true,"href":"https:\/\/converge-ba.com.br\/converge\/wp-json\/wp\/v2\/comments?post=1363"}],"version-history":[{"count":45,"href":"https:\/\/converge-ba.com.br\/converge\/wp-json\/wp\/v2\/pages\/1363\/revisions"}],"predecessor-version":[{"id":1609,"href":"https:\/\/converge-ba.com.br\/converge\/wp-json\/wp\/v2\/pages\/1363\/revisions\/1609"}],"wp:attachment":[{"href":"https:\/\/converge-ba.com.br\/converge\/wp-json\/wp\/v2\/media?parent=1363"}],"curies":[{"name":"wp","href":"https:\/\/api.w.org\/{rel}","templated":true}]}}