{"id":10,"date":"2015-04-14T10:13:09","date_gmt":"2015-04-14T10:13:09","guid":{"rendered":"https:\/\/xml-io.proteusthemes.com\/cargopress\/?page_id=6"},"modified":"2025-10-29T17:01:26","modified_gmt":"2025-10-29T17:01:26","slug":"home","status":"publish","type":"page","link":"https:\/\/converge-ba.com.br\/converge\/","title":{"rendered":"in\u00edcio"},"content":{"rendered":"<div id=\"pl-10\"  class=\"panel-layout\" ><div id=\"pg-10-0\"  class=\"panel-grid panel-has-style\" ><div class=\"panel-row-style panel-row-style-for-10-0\" ><div id=\"pgc-10-0-0\"  class=\"panel-grid-cell\" ><div id=\"panel-10-0-0-0\" class=\"so-panel widget widget_black-studio-tinymce widget_black_studio_tinymce panel-first-child panel-last-child\" data-index=\"0\" ><div class=\"widget-title--big panel-widget-style panel-widget-style-for-10-0-0-0\" ><div class=\"textwidget\"><h3><strong>Converge Solu\u00e7\u00f5es e Tecnologias Industriais<\/strong><\/h3>\n<p>Empresa especializada em servi\u00e7os de manuten\u00e7\u00e3o e calibra\u00e7\u00e3o de v\u00e1lvulas industriais, equipamentos pneum\u00e1ticos e hidr\u00e1ulicos \u00a0e calibra\u00e7\u00e3o de instrumentos de medi\u00e7\u00e3o.<\/p>\n<p>Trabalhamos tamb\u00e9m com revenda de v\u00e1lvulas de bloqueio novas e remanufaturadas certificadas.<\/p>\n<p>Nossos servi\u00e7os s\u00e3o realizados dentro dos padr\u00f5es de qualidade exigidos, atendendo as normas t\u00e9cnicas e mec\u00e2nicas dos fabricantes.<\/p>\n<p>Dispomos de profissionais capacitados e com experi\u00eancia para atender as necessidades dos nossos clientes.<\/p>\n<p>Todos os servi\u00e7os s\u00e3o realizados na nossa estrutura sob nossa responsabilidade desde a apanha at\u00e9 a devolu\u00e7\u00e3o. Nos casos de parada ou contato de manuten\u00e7\u00e3o, se necess\u00e1rio, disponibilizamos nossos profissionais para realiza\u00e7\u00e3o dos servi\u00e7os na pr\u00f3pria estrutura do cliente.<\/p>\n<p>Nosso hist\u00f3rico e tradi\u00e7\u00e3o no mercado, aliado ao preparo singular dos nossos profissionais, resultar\u00e3o na seguran\u00e7a, redu\u00e7\u00e3o de custos e tranquilidade que a sua empresa necessita.<\/p>\n<\/div><\/div><\/div><\/div><div id=\"pgc-10-0-1\"  class=\"panel-grid-cell\" ><div id=\"panel-10-0-1-0\" class=\"so-panel widget widget_media_image panel-first-child panel-last-child\" data-index=\"1\" ><img loading=\"lazy\" decoding=\"async\" width=\"768\" height=\"435\" src=\"https:\/\/converge-ba.com.br\/converge\/wp-content\/uploads\/2020\/12\/img_conv.jpg\" class=\"image wp-image-1493  attachment-full size-full\" alt=\"\" style=\"max-width: 100%; height: auto;\" srcset=\"https:\/\/converge-ba.com.br\/converge\/wp-content\/uploads\/2020\/12\/img_conv.jpg 768w, https:\/\/converge-ba.com.br\/converge\/wp-content\/uploads\/2020\/12\/img_conv-300x170.jpg 300w, https:\/\/converge-ba.com.br\/converge\/wp-content\/uploads\/2020\/12\/img_conv-360x204.jpg 360w\" sizes=\"auto, (max-width: 768px) 100vw, 768px\" \/><\/div><\/div><\/div><\/div><div id=\"pg-10-1\"  class=\"panel-grid panel-has-style\" ><div class=\"jumbotron-overlap siteorigin-panels-stretch panel-row-style panel-row-style-for-10-1\" data-stretch-type=\"full\" ><div id=\"pgc-10-1-0\"  class=\"panel-grid-cell\" ><div id=\"panel-10-1-0-0\" class=\"so-panel widget widget_media_image panel-first-child\" data-index=\"2\" ><img loading=\"lazy\" decoding=\"async\" width=\"768\" height=\"435\" src=\"https:\/\/converge-ba.com.br\/converge\/wp-content\/uploads\/2020\/11\/converge_img2.jpg\" class=\"image wp-image-1055  attachment-full size-full\" alt=\"\" style=\"max-width: 100%; height: auto;\" srcset=\"https:\/\/converge-ba.com.br\/converge\/wp-content\/uploads\/2020\/11\/converge_img2.jpg 768w, https:\/\/converge-ba.com.br\/converge\/wp-content\/uploads\/2020\/11\/converge_img2-300x170.jpg 300w, https:\/\/converge-ba.com.br\/converge\/wp-content\/uploads\/2020\/11\/converge_img2-360x204.jpg 360w\" sizes=\"auto, (max-width: 768px) 100vw, 768px\" \/><\/div><div id=\"panel-10-1-0-1\" class=\"so-panel widget widget_black-studio-tinymce widget_black_studio_tinymce panel-last-child\" data-index=\"3\" ><div class=\"widget-title--big panel-widget-style panel-widget-style-for-10-1-0-1\" ><div class=\"textwidget\"><h4><strong>Estrutura<\/strong><\/h4>\n<p>A Converge possui oficina completa, montada com os mais variados equipamentos e instrumentos, fixos ou m\u00f3veis, adequados para prestar servi\u00e7os com qualidade, pontualidade e custo benef\u00edcio.<\/p>\n<\/div><\/div><\/div><\/div><div id=\"pgc-10-1-1\"  class=\"panel-grid-cell\" ><div id=\"panel-10-1-1-0\" class=\"so-panel widget widget_media_image panel-first-child\" data-index=\"4\" ><img loading=\"lazy\" decoding=\"async\" width=\"768\" height=\"435\" src=\"https:\/\/converge-ba.com.br\/converge\/wp-content\/uploads\/2020\/11\/converge_img3.jpg\" class=\"image wp-image-1058  attachment-full size-full\" alt=\"\" style=\"max-width: 100%; height: auto;\" srcset=\"https:\/\/converge-ba.com.br\/converge\/wp-content\/uploads\/2020\/11\/converge_img3.jpg 768w, https:\/\/converge-ba.com.br\/converge\/wp-content\/uploads\/2020\/11\/converge_img3-300x170.jpg 300w, https:\/\/converge-ba.com.br\/converge\/wp-content\/uploads\/2020\/11\/converge_img3-360x204.jpg 360w\" sizes=\"auto, (max-width: 768px) 100vw, 768px\" \/><\/div><div id=\"panel-10-1-1-1\" class=\"so-panel widget widget_black-studio-tinymce widget_black_studio_tinymce panel-last-child\" data-index=\"5\" ><div class=\"widget-title--big panel-widget-style panel-widget-style-for-10-1-1-1\" ><div class=\"textwidget\"><h4><strong>Profissionais\u00a0experientes<\/strong><\/h4>\n<p>Os profissionais que comp\u00f5em nossa equipe t\u00e9cnica de servi\u00e7os s\u00e3o plenamente capacitados e possuem ampla experi\u00eancia em manuten\u00e7\u00e3o e calibra\u00e7\u00e3o de v\u00e1lvulas e instrumentos.<\/p>\n<\/div><\/div><\/div><\/div><div id=\"pgc-10-1-2\"  class=\"panel-grid-cell\" ><div id=\"panel-10-1-2-0\" class=\"so-panel widget widget_media_image panel-first-child\" data-index=\"6\" ><img loading=\"lazy\" decoding=\"async\" width=\"768\" height=\"435\" src=\"https:\/\/converge-ba.com.br\/converge\/wp-content\/uploads\/2020\/11\/converge_img4.jpg\" class=\"image wp-image-1061  attachment-full size-full\" alt=\"\" style=\"max-width: 100%; height: auto;\" srcset=\"https:\/\/converge-ba.com.br\/converge\/wp-content\/uploads\/2020\/11\/converge_img4.jpg 768w, https:\/\/converge-ba.com.br\/converge\/wp-content\/uploads\/2020\/11\/converge_img4-300x170.jpg 300w, https:\/\/converge-ba.com.br\/converge\/wp-content\/uploads\/2020\/11\/converge_img4-360x204.jpg 360w\" sizes=\"auto, (max-width: 768px) 100vw, 768px\" \/><\/div><div id=\"panel-10-1-2-1\" class=\"so-panel widget widget_black-studio-tinymce widget_black_studio_tinymce panel-last-child\" data-index=\"7\" ><div class=\"widget-title--big panel-widget-style panel-widget-style-for-10-1-2-1\" ><div class=\"textwidget\"><h4><strong>Atendemos os mais diversos segmentos<\/strong><\/h4>\n<p>Atuamos nos mais diversificados segmentos, adequando-se \u00e0s exig\u00eancias de nossos clientes, atendendo-os em nossas instala\u00e7\u00f5es ou \"in loco\", obtendo assim, muito sucesso no que se refere a praticidade no atendimento.<\/p>\n<\/div><\/div><\/div><\/div><\/div><\/div><div id=\"pg-10-2\"  class=\"panel-grid panel-has-style\" ><div class=\"panel-row-style panel-row-style-for-10-2\" ><div id=\"pgc-10-2-0\"  class=\"panel-grid-cell\" ><div id=\"panel-10-2-0-0\" class=\"so-panel widget widget_black-studio-tinymce widget_black_studio_tinymce panel-first-child\" data-index=\"8\" ><div class=\"widget-title--big panel-widget-style panel-widget-style-for-10-2-0-0\" ><div class=\"textwidget\"><h2 style=\"text-align: left;\"><strong>Clientes<\/strong><\/h2>\n<\/div><\/div><\/div><div id=\"panel-10-2-0-1\" class=\"so-panel widget widget_black-studio-tinymce widget_black_studio_tinymce panel-last-child\" data-index=\"9\" ><div class=\"textwidget\"><div class=\"logo-panel\">\n<div class=\"row\">\n<div class=\"col-xs-12 col-sm-2\"><img decoding=\"async\" src=\"http:\/\/converge-ba.com.br\/converge\/wp-content\/uploads\/2023\/07\/white_martins.jpg\" \/><\/div>\n<div class=\"col-xs-12 col-sm-2\"><img decoding=\"async\" src=\"http:\/\/converge-ba.com.br\/converge\/wp-content\/uploads\/2023\/07\/rodstar.jpg\" \/><\/div>\n<div class=\"col-xs-12 col-sm-2\"><img decoding=\"async\" src=\"http:\/\/converge-ba.com.br\/converge\/wp-content\/uploads\/2023\/07\/perbras.jpg\" \/><\/div>\n<div class=\"col-xs-12 col-sm-2\"><img decoding=\"async\" src=\"http:\/\/converge-ba.com.br\/converge\/wp-content\/uploads\/2023\/07\/cibrafertil.jpg\" \/><\/div>\n<div class=\"col-xs-12 col-sm-2\"><img decoding=\"async\" src=\"http:\/\/converge-ba.com.br\/converge\/wp-content\/uploads\/2023\/07\/candeias_energia.jpg\" \/><\/div>\n<div class=\"col-xs-12 col-sm-2\"><img decoding=\"async\" src=\"http:\/\/converge-ba.com.br\/converge\/wp-content\/uploads\/2023\/07\/brasilgas.jpg\" \/><\/div>\n<\/div>\n<\/div>\n<\/div><\/div><\/div><\/div><\/div><div id=\"pg-10-3\"  class=\"panel-grid panel-has-style\" ><div class=\"jumbotron-overlap siteorigin-panels-stretch panel-row-style panel-row-style-for-10-3\" data-stretch-type=\"full\" ><div id=\"pgc-10-3-0\"  class=\"panel-grid-cell\" ><div id=\"panel-10-3-0-0\" class=\"so-panel widget widget_black-studio-tinymce widget_black_studio_tinymce panel-first-child panel-last-child\" data-index=\"10\" ><div class=\"textwidget\"><h4>Cadastre seu email e fique por dentro das novidades.<\/h4><p><\/p>\n\n<div class=\"wpcf7 no-js\" id=\"wpcf7-f926-o1\" lang=\"pt-BR\" dir=\"ltr\" data-wpcf7-id=\"926\">\n<div class=\"screen-reader-response\"><p role=\"status\" aria-live=\"polite\" aria-atomic=\"true\"><\/p> <ul><\/ul><\/div>\n<form action=\"\/converge\/wp-json\/wp\/v2\/pages\/10#wpcf7-f926-o1\" method=\"post\" class=\"wpcf7-form init\" aria-label=\"Formul\u00e1rios de contato\" novalidate=\"novalidate\" data-status=\"init\">\n<fieldset class=\"hidden-fields-container\"><input type=\"hidden\" name=\"_wpcf7\" value=\"926\" \/><input type=\"hidden\" name=\"_wpcf7_version\" value=\"6.1.3\" \/><input type=\"hidden\" name=\"_wpcf7_locale\" value=\"pt_BR\" \/><input type=\"hidden\" name=\"_wpcf7_unit_tag\" value=\"wpcf7-f926-o1\" \/><input type=\"hidden\" name=\"_wpcf7_container_post\" value=\"0\" \/><input type=\"hidden\" name=\"_wpcf7_posted_data_hash\" value=\"\" \/>\n<\/fieldset>\n<div class=\"contact-form-small\">\n\t<div class=\"row\">\n\t\t<div class=\"col-xs-12  col-md-6\">\n\t\t\t<p><span class=\"wpcf7-form-control-wrap\" data-name=\"your-email\"><input size=\"40\" maxlength=\"400\" class=\"wpcf7-form-control wpcf7-email wpcf7-validates-as-required wpcf7-text wpcf7-validates-as-email\" aria-required=\"true\" aria-invalid=\"false\" placeholder=\"E-mail address\" value=\"\" type=\"email\" name=\"your-email\" \/><\/span>\n\t\t\t<\/p>\n\t\t<\/div>\n\t\t<div class=\"col-xs-12  col-md-6\">\n\t\t\t<p><input class=\"wpcf7-form-control wpcf7-submit has-spinner btn btn-primary pull-right\" type=\"submit\" value=\"Enviar\" \/>\n\t\t\t<\/p>\n\t\t<\/div>\n\t<\/div>\n<\/div><div class=\"wpcf7-response-output\" aria-hidden=\"true\"><\/div>\n<\/form>\n<\/div>\n<\/div><\/div><\/div><\/div><\/div><\/div>","protected":false},"excerpt":{"rendered":"<p>Converge Solu\u00e7\u00f5es e Tecnologias Industriais Empresa especializada em servi\u00e7os de manuten\u00e7\u00e3o e calibra\u00e7\u00e3o de v\u00e1lvulas industriais, equipamentos pneum\u00e1ticos e hidr\u00e1ulicos \u00a0e calibra\u00e7\u00e3o de instrumentos de medi\u00e7\u00e3o. Trabalhamos tamb\u00e9m com revenda de v\u00e1lvulas de bloqueio novas e remanufaturadas certificadas. Nossos servi\u00e7os s\u00e3o realizados dentro dos padr\u00f5es de qualidade exigidos, atendendo as normas t\u00e9cnicas e mec\u00e2nicas dos &hellip;<\/p>\n","protected":false},"author":1,"featured_media":0,"parent":0,"menu_order":0,"comment_status":"closed","ping_status":"open","template":"template-front-page-slider.php","meta":{"_acf_changed":false,"footnotes":""},"class_list":["post-10","page","type-page","status-publish","hentry"],"acf":[],"_links":{"self":[{"href":"https:\/\/converge-ba.com.br\/converge\/wp-json\/wp\/v2\/pages\/10","targetHints":{"allow":["GET"]}}],"collection":[{"href":"https:\/\/converge-ba.com.br\/converge\/wp-json\/wp\/v2\/pages"}],"about":[{"href":"https:\/\/converge-ba.com.br\/converge\/wp-json\/wp\/v2\/types\/page"}],"author":[{"embeddable":true,"href":"https:\/\/converge-ba.com.br\/converge\/wp-json\/wp\/v2\/users\/1"}],"replies":[{"embeddable":true,"href":"https:\/\/converge-ba.com.br\/converge\/wp-json\/wp\/v2\/comments?post=10"}],"version-history":[{"count":279,"href":"https:\/\/converge-ba.com.br\/converge\/wp-json\/wp\/v2\/pages\/10\/revisions"}],"predecessor-version":[{"id":1606,"href":"https:\/\/converge-ba.com.br\/converge\/wp-json\/wp\/v2\/pages\/10\/revisions\/1606"}],"wp:attachment":[{"href":"https:\/\/converge-ba.com.br\/converge\/wp-json\/wp\/v2\/media?parent=10"}],"curies":[{"name":"wp","href":"https:\/\/api.w.org\/{rel}","templated":true}]}}